{"id":8983,"date":"2023-03-21T11:35:20","date_gmt":"2023-03-21T10:35:20","guid":{"rendered":"https:\/\/zwave.eu\/?page_id=8983"},"modified":"2023-04-12T15:38:11","modified_gmt":"2023-04-12T13:38:11","slug":"smartthings-edge-treiber-sammlung","status":"publish","type":"page","link":"https:\/\/zwave.eu\/de\/smartthings-edge-treiber-sammlung\/","title":{"rendered":"SmartThings Edge-Treiber-Sammlung"},"content":{"rendered":"<p>F\u00fcr die Installation der folgenden Edge-Treiber verwenden Sie unsere <b><a href=\"https:\/\/z-wave.freshdesk.com\/support\/solutions\/articles\/80001038682-edge-treiber-f%C3%BCr-ger%C3%A4te-einrichten\" target=\"_blank\" rel=\"noopener\">Installationsanleitung<\/a><\/b><\/p>\n<script src=\"https:\/\/8m4f2c914r.cloudtables.io\/loader\/9a14704a-c721-11ed-b338-e7e72930aa62\/table\/zf\" data-apikey=\"x8V5eh2pFAj03jzWH0VO4SKn\" data-clientid=\"{Unique client id}\"><\/script=><\/p>\n<script type=\"text\/javascript\"><br \/>\n\t\t\/\/ Need to wait for jQuery to be loaded by the edge<br \/>\n\t\t\tfunction tryJquery() {<br \/>\n\t\t\t\tif (window.jQuery) {<br \/>\n\t\t\t\t\trunListener();<br \/>\n\t\t\t\t}<br \/>\n\t\t\t\telse {<br \/>\n\t\t\t\t\tsetTimeout(function () {<br \/>\n\t\t\t\t\t\ttryJquery();<br \/>\n\t\t\t\t\t}, 100);<br \/>\n\t\t\t\t}<br \/>\n\t\t\t}<\/p>\n<p>\t\t\tfunction runListener() {<br \/>\n\t\t\t\tjQuery('body').on('draw.dt', function () {<br \/>\n\t\t\t\t\tif (window.parent && window.parent.__embedHeight) {<br \/>\n\t\t\t\t\t\twindow.parent.__embedHeight(document.body.offsetHeight);<br \/>\n\t\t\t\t\t}<br \/>\n\t\t\t\t} );<br \/>\n\t\t\t}<\/p>\n<p>\t\t\ttryJquery();<br \/>\n\t\t<\/script>\n<p><br \/><br \/><\/p>\n\n\n<p>Einige Ger\u00e4tetreiber in dieser Liste wurden durch uns getestet, andere nicht. Sie k\u00f6nnen uns unterst\u00fctzen, in dem Sie uns best\u00e4tigen, ob die aufgelisteten Treiber funktionieren oder nicht.<\/p>\n\n\n\n<p>Haben Sie einen Ger\u00e4tetreiber, welcher hier nicht aufgelistet ist und wollen diesen anderen Nutzern zur Verf\u00fcgung stellen? \u00dcber folgendes Kontaktformular k\u00f6nnen Sie uns diesen einreichen.<\/p>\n\n\n\n<p><strong>Beachten Sie, der Support der Ger\u00e4tetreiber wird vom jeweiligen Entwickler \u00fcbernommen.<\/strong><\/p>\n\n\n\n<div class=\"wp-block-contact-form-7-contact-form-selector\">\n<div class=\"wpcf7 no-js\" id=\"wpcf7-f8995-o1\" lang=\"de-DE\" dir=\"ltr\">\n<div class=\"screen-reader-response\"><p role=\"status\" aria-live=\"polite\" aria-atomic=\"true\"><\/p> <ul><\/ul><\/div>\n<form action=\"\/de\/wp-json\/wp\/v2\/pages\/8983#wpcf7-f8995-o1\" method=\"post\" class=\"wpcf7-form init\" aria-label=\"Kontaktformular\" novalidate=\"novalidate\" data-status=\"init\">\n<div style=\"display: none;\">\n<input type=\"hidden\" name=\"_wpcf7\" value=\"8995\" \/>\n<input type=\"hidden\" name=\"_wpcf7_version\" value=\"5.9.3\" \/>\n<input type=\"hidden\" name=\"_wpcf7_locale\" value=\"de_DE\" \/>\n<input type=\"hidden\" name=\"_wpcf7_unit_tag\" value=\"wpcf7-f8995-o1\" \/>\n<input type=\"hidden\" name=\"_wpcf7_container_post\" value=\"0\" \/>\n<input type=\"hidden\" name=\"_wpcf7_posted_data_hash\" value=\"\" \/>\n<input type=\"hidden\" name=\"_wpcf7_recaptcha_response\" value=\"\" \/>\n<\/div>\n<p><br \/>\n<div class=\"row\"><div class=\"one_half\"><span class=\"wpcf7-form-control-wrap\" data-name=\"your-name\"><input size=\"40\" class=\"wpcf7-form-control wpcf7-text wpcf7-validates-as-required\" aria-required=\"true\" aria-invalid=\"false\" placeholder=\"Name *\" value=\"\" type=\"text\" name=\"your-name\" \/><\/span><\/div><div class=\"one_half\"><span class=\"wpcf7-form-control-wrap\" data-name=\"your-email\"><input size=\"40\" class=\"wpcf7-form-control wpcf7-email wpcf7-validates-as-required wpcf7-text wpcf7-validates-as-email\" aria-required=\"true\" aria-invalid=\"false\" placeholder=\"E-Mail *\" value=\"\" type=\"email\" name=\"your-email\" \/><\/span><br \/>\n<\/div><\/div>\n<\/p>\n<p><span id=\"wpcf7-6a08cc299a99c-wrapper\" class=\"wpcf7-form-control-wrap first-name-wrap\" style=\"display:none !important; visibility:hidden !important;\"><label for=\"wpcf7-6a08cc299a99c-field\" class=\"hp-message\">Bitte lasse dieses Feld leer.<\/label><input id=\"wpcf7-6a08cc299a99c-field\"  class=\"wpcf7-form-control wpcf7-text\" type=\"text\" name=\"first-name\" value=\"\" size=\"40\" tabindex=\"-1\" autocomplete=\"new-password\" \/><\/span>\n<\/p>\n<p><span id=\"wpcf7-6a08cc299a9dc-wrapper\" class=\"wpcf7-form-control-wrap mail-wrap\" style=\"display:none !important; visibility:hidden !important;\"><label for=\"wpcf7-6a08cc299a9dc-field\" class=\"hp-message\">Bitte lasse dieses Feld leer.<\/label><input id=\"wpcf7-6a08cc299a9dc-field\"  class=\"wpcf7-form-control wpcf7-text\" type=\"text\" name=\"mail\" value=\"\" size=\"40\" tabindex=\"-1\" autocomplete=\"new-password\" \/><\/span>\n<\/p>\n<p><div class=\"row\"><div class=\"one_half\"><span class=\"wpcf7-form-control-wrap\" data-name=\"your-manufactorer\"><input size=\"40\" class=\"wpcf7-form-control wpcf7-text wpcf7-validates-as-required\" aria-required=\"true\" aria-invalid=\"false\" placeholder=\"Hersteller *\" value=\"\" type=\"text\" name=\"your-manufactorer\" \/><\/span><\/div><div class=\"one_half\"><span class=\"wpcf7-form-control-wrap\" data-name=\"your-device\"><input size=\"40\" class=\"wpcf7-form-control wpcf7-text wpcf7-validates-as-required\" aria-required=\"true\" aria-invalid=\"false\" placeholder=\"Produktbezeichnung *\" value=\"\" type=\"text\" name=\"your-device\" \/><\/span><\/div><\/div>\n<\/p>\n<p><br \/>\n<span class=\"wpcf7-form-control-wrap\" data-name=\"url-393\"><input size=\"40\" class=\"wpcf7-form-control wpcf7-url wpcf7-text wpcf7-validates-as-url\" aria-invalid=\"false\" placeholder=\"Einladungslink\" value=\"\" type=\"url\" name=\"url-393\" \/><\/span>\n<\/p>\n<p><br \/>\n<span class=\"wpcf7-form-control-wrap\" data-name=\"your-driver\"><input size=\"40\" class=\"wpcf7-form-control wpcf7-text\" aria-invalid=\"false\" value=\"Bezeichnung\" type=\"text\" name=\"your-driver\" \/><\/span>\n<\/p>\n<p><br \/>\n<span class=\"wpcf7-form-control-wrap\" data-name=\"url-589\"><input size=\"40\" class=\"wpcf7-form-control wpcf7-url wpcf7-text wpcf7-validates-as-url\" aria-invalid=\"false\" placeholder=\"Github-Link\" value=\"\" type=\"url\" name=\"url-589\" \/><\/span>\n<\/p>\n<p><span class=\"wpcf7-form-control-wrap\" data-name=\"checkbox-458\"><span class=\"wpcf7-form-control wpcf7-checkbox\"><span class=\"wpcf7-list-item first\"><label><input type=\"checkbox\" name=\"checkbox-458[]\" value=\"Eigener Treiber\" \/><span class=\"wpcf7-list-item-label\">Eigener Treiber<\/span><\/label><\/span><span class=\"wpcf7-list-item\"><label><input type=\"checkbox\" name=\"checkbox-458[]\" value=\"Community Treiber\" \/><span class=\"wpcf7-list-item-label\">Community Treiber<\/span><\/label><\/span><span class=\"wpcf7-list-item\"><label><input type=\"checkbox\" name=\"checkbox-458[]\" value=\"Hersteller Treiber\" \/><span class=\"wpcf7-list-item-label\">Hersteller Treiber<\/span><\/label><\/span><span class=\"wpcf7-list-item last\"><label><input type=\"checkbox\" name=\"checkbox-458[]\" value=\"Funktion gepr\u00fcft\" \/><span class=\"wpcf7-list-item-label\">Funktion gepr\u00fcft<\/span><\/label><\/span><\/span><\/span>\n<\/p>\n<p><br \/>\n<span class=\"wpcf7-form-control-wrap\" data-name=\"your-message\"><textarea cols=\"40\" rows=\"10\" class=\"wpcf7-form-control wpcf7-textarea\" aria-invalid=\"false\" placeholder=\"Nachricht\" name=\"your-message\"><\/textarea><\/span>\n<\/p>\n<p><span class=\"wpcf7-form-control-wrap\" data-name=\"acceptance-355\"><span class=\"wpcf7-form-control wpcf7-acceptance\"><span class=\"wpcf7-list-item\"><label><input type=\"checkbox\" name=\"acceptance-355\" value=\"1\" aria-invalid=\"false\" \/><span class=\"wpcf7-list-item-label\">Ich habe die <a href=\"https:\/\/zwave.eu\/de\/datenschutz\/\" target=\"blank\"><u>Datenschutzrichtlinien<\/u><\/a> gelesen und stimme diesen zu.<\/span><\/label><\/span><\/span><\/span>\n<\/p>\n<p><br \/>\n<input class=\"wpcf7-form-control wpcf7-submit has-spinner button medium\" type=\"submit\" value=\"Senden\" \/>\n<\/p><div class=\"wpcf7-response-output\" aria-hidden=\"true\"><\/div>\n<\/form>\n<\/div>\n<\/div>\n","protected":false},"excerpt":{"rendered":"<p>F\u00fcr die Installation der folgenden Edge-Treiber verwenden Sie unsere Installationsanleitung<\/p>\n<\/p>\n<p>\t\t\/\/ Need to wait for jQuery to be loaded by the edge<br \/>\n\t\t\tfunction tryJquery() {<br \/>\n\t\t\t\tif (window.jQuery) {<br \/>\n\t\t\t\t\trunListener();<br \/>\n\t\t\t\t}<br \/>\n\t\t\t\telse {<br \/>\n\t\t\t\t\tsetTimeout(function () {<br \/>\n\t\t\t\t\t\ttryJquery();<br \/>\n\t\t\t\t\t}, 100);<br \/>\n\t\t\t\t}<br \/>\n\t\t\t}<\/p>\n<p>\t\t\tfunction runListener() {<br \/>\n\t\t\t\tjQuery(&#8218;body&#8216;).on(&#8218;draw.dt&#8216;, function () {<br \/>\n\t\t\t\t\tif (window.parent &#038;&#038; window.parent.__embedHeight) {<br \/>\n\t\t\t\t\t\twindow.parent.__embedHeight(document.body.offsetHeight);<br \/>\n\t\t\t\t\t}<br \/>\n\t\t\t\t} );<br \/>\n\t\t\t}<\/p>\n<p>\t\t\ttryJquery();<\/p>\n<p>Einige Ger\u00e4tetreiber in dieser Liste wurden durch uns getestet, andere nicht. Sie k\u00f6nnen uns unterst\u00fctzen, in dem Sie uns best\u00e4tigen, ob die aufgelisteten Treiber funktionieren oder nicht.<\/p>\n<p>Haben Sie einen Ger\u00e4tetreiber, welcher hier nicht aufgelistet ist und wollen diesen anderen Nutzern zur Verf\u00fcgung stellen? \u00dcber folgendes Kontaktformular k\u00f6nnen Sie uns diesen einreichen.<\/p>\n<p>Beachten Sie,<\/p>\n","protected":false},"author":1,"featured_media":0,"parent":0,"menu_order":0,"comment_status":"closed","ping_status":"closed","template":"","meta":{"_cbd_carousel_blocks":"[]","footnotes":""},"class_list":["post-8983","page","type-page","status-publish","hentry"],"_links":{"self":[{"href":"https:\/\/zwave.eu\/de\/wp-json\/wp\/v2\/pages\/8983","targetHints":{"allow":["GET"]}}],"collection":[{"href":"https:\/\/zwave.eu\/de\/wp-json\/wp\/v2\/pages"}],"about":[{"href":"https:\/\/zwave.eu\/de\/wp-json\/wp\/v2\/types\/page"}],"author":[{"embeddable":true,"href":"https:\/\/zwave.eu\/de\/wp-json\/wp\/v2\/users\/1"}],"replies":[{"embeddable":true,"href":"https:\/\/zwave.eu\/de\/wp-json\/wp\/v2\/comments?post=8983"}],"version-history":[{"count":5,"href":"https:\/\/zwave.eu\/de\/wp-json\/wp\/v2\/pages\/8983\/revisions"}],"predecessor-version":[{"id":8998,"href":"https:\/\/zwave.eu\/de\/wp-json\/wp\/v2\/pages\/8983\/revisions\/8998"}],"wp:attachment":[{"href":"https:\/\/zwave.eu\/de\/wp-json\/wp\/v2\/media?parent=8983"}],"curies":[{"name":"wp","href":"https:\/\/api.w.org\/{rel}","templated":true}]}}