{"id":557,"date":"2021-04-01T15:17:43","date_gmt":"2021-04-01T13:17:43","guid":{"rendered":"http:\/\/neu.z-wave.eu\/?page_id=557"},"modified":"2022-06-17T09:06:24","modified_gmt":"2022-06-17T07:06:24","slug":"anwendungen","status":"publish","type":"page","link":"https:\/\/zwave.eu\/de\/anwendungen\/","title":{"rendered":"Anwendungen"},"content":{"rendered":"\t\t<div data-elementor-type=\"wp-post\" data-elementor-id=\"557\" class=\"elementor elementor-557\" data-elementor-settings=\"[]\">\n\t\t\t\t\t\t\t<div class=\"elementor-section-wrap\">\n\t\t\t\t\t\t\t<section class=\"elementor-section elementor-top-section elementor-element elementor-element-868d9a2 elementor-section-boxed elementor-section-height-default elementor-section-height-default\" data-id=\"868d9a2\" data-element_type=\"section\">\n\t\t\t\t\t\t<div class=\"elementor-container elementor-column-gap-default\">\n\t\t\t\t\t<div class=\"elementor-column elementor-col-100 elementor-top-column elementor-element elementor-element-fb8f656\" data-id=\"fb8f656\" data-element_type=\"column\">\n\t\t\t<div class=\"elementor-widget-wrap elementor-element-populated\">\n\t\t\t\t\t\t\t\t<div class=\"elementor-element elementor-element-6405583 elementor-invisible elementor-widget elementor-widget-image\" data-id=\"6405583\" data-element_type=\"widget\" data-settings=\"{&quot;_animation&quot;:&quot;fadeInDown&quot;}\" data-widget_type=\"image.default\">\n\t\t\t\t<div class=\"elementor-widget-container\">\n\t\t\t\t\t<div class=\"elementor-image\">\n\t\t\t\t\t\t\t\t\t\t<img loading=\"lazy\" decoding=\"async\" width=\"1024\" height=\"261\" src=\"https:\/\/zwave.eu\/wp-content\/uploads\/2021\/04\/HG_Anwendungen-1024x261.jpg\" class=\"attachment-large size-large\" alt=\"\" srcset=\"https:\/\/zwave.eu\/wp-content\/uploads\/2021\/04\/HG_Anwendungen-1024x261.jpg 1024w, https:\/\/zwave.eu\/wp-content\/uploads\/2021\/04\/HG_Anwendungen-300x77.jpg 300w, https:\/\/zwave.eu\/wp-content\/uploads\/2021\/04\/HG_Anwendungen-768x196.jpg 768w, https:\/\/zwave.eu\/wp-content\/uploads\/2021\/04\/HG_Anwendungen-1536x392.jpg 1536w, https:\/\/zwave.eu\/wp-content\/uploads\/2021\/04\/HG_Anwendungen-600x153.jpg 600w, https:\/\/zwave.eu\/wp-content\/uploads\/2021\/04\/HG_Anwendungen.jpg 1600w\" sizes=\"auto, (max-width: 1024px) 100vw, 1024px\" \/>\t\t\t\t\t\t\t\t\t\t\t<\/div>\n\t\t\t\t<\/div>\n\t\t\t\t<\/div>\n\t\t\t\t\t<\/div>\n\t\t<\/div>\n\t\t\t\t\t\t\t<\/div>\n\t\t<\/section>\n\t\t\t\t<section class=\"elementor-section elementor-top-section elementor-element elementor-element-41b404e elementor-section-boxed elementor-section-height-default elementor-section-height-default\" data-id=\"41b404e\" data-element_type=\"section\">\n\t\t\t\t\t\t<div class=\"elementor-container elementor-column-gap-default\">\n\t\t\t\t\t<div class=\"elementor-column elementor-col-100 elementor-top-column elementor-element elementor-element-889c3f2\" data-id=\"889c3f2\" data-element_type=\"column\">\n\t\t\t<div class=\"elementor-widget-wrap elementor-element-populated\">\n\t\t\t\t\t\t\t\t<div class=\"elementor-element elementor-element-23a527d elementor-widget elementor-widget-spacer\" data-id=\"23a527d\" data-element_type=\"widget\" data-widget_type=\"spacer.default\">\n\t\t\t\t<div class=\"elementor-widget-container\">\n\t\t\t\t\t<div class=\"elementor-spacer\">\n\t\t\t<div class=\"elementor-spacer-inner\"><\/div>\n\t\t<\/div>\n\t\t\t\t<\/div>\n\t\t\t\t<\/div>\n\t\t\t\t\t<\/div>\n\t\t<\/div>\n\t\t\t\t\t\t\t<\/div>\n\t\t<\/section>\n\t\t\t\t<section class=\"elementor-section elementor-top-section elementor-element elementor-element-39eec6e elementor-section-boxed elementor-section-height-default elementor-section-height-default\" data-id=\"39eec6e\" data-element_type=\"section\">\n\t\t\t\t\t\t<div class=\"elementor-container elementor-column-gap-default\">\n\t\t\t\t\t<div class=\"elementor-column elementor-col-100 elementor-top-column elementor-element elementor-element-bc3a316\" data-id=\"bc3a316\" data-element_type=\"column\">\n\t\t\t<div class=\"elementor-widget-wrap elementor-element-populated\">\n\t\t\t\t\t\t\t\t<div class=\"elementor-element elementor-element-cc87f4e elementor-widget elementor-widget-heading\" data-id=\"cc87f4e\" data-element_type=\"widget\" data-widget_type=\"heading.default\">\n\t\t\t\t<div class=\"elementor-widget-container\">\n\t\t\t<h1 class=\"elementor-heading-title elementor-size-default\">Wir machen das Leben besser<\/h1>\t\t<\/div>\n\t\t\t\t<\/div>\n\t\t\t\t<div class=\"elementor-element elementor-element-3cba477 elementor-invisible elementor-widget elementor-widget-text-editor\" data-id=\"3cba477\" data-element_type=\"widget\" data-settings=\"{&quot;_animation&quot;:&quot;fadeInUp&quot;}\" data-widget_type=\"text-editor.default\">\n\t\t\t\t<div class=\"elementor-widget-container\">\n\t\t\t\t\t<div class=\"elementor-text-editor elementor-clearfix\"><\/div>\n\t\t\t\t<\/div>\n\t\t\t\t<\/div>\n\t\t\t\t<div class=\"elementor-element elementor-element-fa24e8f elementor-invisible elementor-widget elementor-widget-text-editor\" data-id=\"fa24e8f\" data-element_type=\"widget\" data-settings=\"{&quot;_animation&quot;:&quot;fadeInUp&quot;}\" data-widget_type=\"text-editor.default\">\n\t\t\t\t<div class=\"elementor-widget-container\">\n\t\t\t\t\t<div class=\"elementor-text-editor elementor-clearfix\">Ein intelligentes Zuhause kann ziemlich viele Sachen, die vor allem praktisch sind und viel Geld sparen. Durch die Zusammenarbeit von verschiedenen Smart Home Anwendungen wird ein einheitliches System geschaffen, um Ihre Bed\u00fcrfnisse zu erf\u00fcllen. Dank der hersteller- und anwendungsoffenen Z-Wave Technologie ist es m\u00f6glich, die verschiedenen Bereiche und Ger\u00e4te einfach miteinander zu vernetzen. Die Einstellungsm\u00f6glichkeiten sind dabei so gro\u00df wie die Auswahl an Sensoren und Smart Home Ger\u00e4ten. Welche Voraussetzungen vorliegen m\u00fcssen und welche Aktion ausgel\u00f6st werden soll, definieren Sie allein in konkret festgelegten Situationen.<\/div>\n\t\t\t\t<\/div>\n\t\t\t\t<\/div>\n\t\t\t\t\t<\/div>\n\t\t<\/div>\n\t\t\t\t\t\t\t<\/div>\n\t\t<\/section>\n\t\t\t\t<section class=\"elementor-section elementor-top-section elementor-element elementor-element-0ddc495 elementor-section-boxed elementor-section-height-default elementor-section-height-default\" data-id=\"0ddc495\" data-element_type=\"section\">\n\t\t\t\t\t\t<div class=\"elementor-container elementor-column-gap-default\">\n\t\t\t\t\t<div class=\"elementor-column elementor-col-100 elementor-top-column elementor-element elementor-element-b78b2e6\" data-id=\"b78b2e6\" data-element_type=\"column\">\n\t\t\t<div class=\"elementor-widget-wrap elementor-element-populated\">\n\t\t\t\t\t\t\t\t<div class=\"elementor-element elementor-element-0f5be93 elementor-widget elementor-widget-spacer\" data-id=\"0f5be93\" data-element_type=\"widget\" data-widget_type=\"spacer.default\">\n\t\t\t\t<div class=\"elementor-widget-container\">\n\t\t\t\t\t<div class=\"elementor-spacer\">\n\t\t\t<div class=\"elementor-spacer-inner\"><\/div>\n\t\t<\/div>\n\t\t\t\t<\/div>\n\t\t\t\t<\/div>\n\t\t\t\t<div class=\"elementor-element elementor-element-de2ef85 elementor-align-center elementor-invisible elementor-widget elementor-widget-button\" data-id=\"de2ef85\" data-element_type=\"widget\" data-settings=\"{&quot;_animation&quot;:&quot;fadeInLeft&quot;}\" data-widget_type=\"button.default\">\n\t\t\t\t<div class=\"elementor-widget-container\">\n\t\t\t\t\t<div class=\"elementor-button-wrapper\">\n\t\t\t<a href=\"\/de\/anwendungsbeispiele\/\" class=\"elementor-button-link elementor-button elementor-size-md\" role=\"button\">\n\t\t\t\t\t\t<span class=\"elementor-button-content-wrapper\">\n\t\t\t\t\t\t<span class=\"elementor-button-icon elementor-align-icon-left\">\n\t\t\t\t<i aria-hidden=\"true\" class=\"far fa-arrow-alt-circle-right\"><\/i>\t\t\t<\/span>\n\t\t\t\t\t\t<span class=\"elementor-button-text\">ZU DEN ANWENDUNGSBEISPIELEN<\/span>\n\t\t<\/span>\n\t\t\t\t\t<\/a>\n\t\t<\/div>\n\t\t\t\t<\/div>\n\t\t\t\t<\/div>\n\t\t\t\t<div class=\"elementor-element elementor-element-ef0e6b0 elementor-widget elementor-widget-spacer\" data-id=\"ef0e6b0\" data-element_type=\"widget\" data-widget_type=\"spacer.default\">\n\t\t\t\t<div class=\"elementor-widget-container\">\n\t\t\t\t\t<div class=\"elementor-spacer\">\n\t\t\t<div class=\"elementor-spacer-inner\"><\/div>\n\t\t<\/div>\n\t\t\t\t<\/div>\n\t\t\t\t<\/div>\n\t\t\t\t\t<\/div>\n\t\t<\/div>\n\t\t\t\t\t\t\t<\/div>\n\t\t<\/section>\n\t\t\t\t<section class=\"elementor-section elementor-top-section elementor-element elementor-element-92931f0 elementor-section-boxed elementor-section-height-default elementor-section-height-default\" data-id=\"92931f0\" data-element_type=\"section\">\n\t\t\t\t\t\t<div class=\"elementor-container elementor-column-gap-default\">\n\t\t\t\t\t<div class=\"elementor-column elementor-col-100 elementor-top-column elementor-element elementor-element-1753cdf\" data-id=\"1753cdf\" data-element_type=\"column\">\n\t\t\t<div class=\"elementor-widget-wrap elementor-element-populated\">\n\t\t\t\t\t\t\t\t<div class=\"elementor-element elementor-element-a6ac6e4 elementor-invisible elementor-widget elementor-widget-image\" data-id=\"a6ac6e4\" data-element_type=\"widget\" data-settings=\"{&quot;_animation&quot;:&quot;fadeInDown&quot;}\" data-widget_type=\"image.default\">\n\t\t\t\t<div class=\"elementor-widget-container\">\n\t\t\t\t\t<div class=\"elementor-image\">\n\t\t\t\t\t\t\t\t\t\t<img loading=\"lazy\" decoding=\"async\" width=\"1024\" height=\"397\" src=\"https:\/\/zwave.eu\/wp-content\/uploads\/2021\/04\/Anwendungen-1024x397.jpg\" class=\"attachment-large size-large\" alt=\"\" srcset=\"https:\/\/zwave.eu\/wp-content\/uploads\/2021\/04\/Anwendungen-1024x397.jpg 1024w, https:\/\/zwave.eu\/wp-content\/uploads\/2021\/04\/Anwendungen-300x116.jpg 300w, https:\/\/zwave.eu\/wp-content\/uploads\/2021\/04\/Anwendungen-768x298.jpg 768w, https:\/\/zwave.eu\/wp-content\/uploads\/2021\/04\/Anwendungen-600x233.jpg 600w, https:\/\/zwave.eu\/wp-content\/uploads\/2021\/04\/Anwendungen.jpg 1039w\" sizes=\"auto, (max-width: 1024px) 100vw, 1024px\" \/>\t\t\t\t\t\t\t\t\t\t\t<\/div>\n\t\t\t\t<\/div>\n\t\t\t\t<\/div>\n\t\t\t\t\t<\/div>\n\t\t<\/div>\n\t\t\t\t\t\t\t<\/div>\n\t\t<\/section>\n\t\t\t\t<section class=\"elementor-section elementor-top-section elementor-element elementor-element-3a98409 elementor-section-boxed elementor-section-height-default elementor-section-height-default\" data-id=\"3a98409\" data-element_type=\"section\">\n\t\t\t\t\t\t<div class=\"elementor-container elementor-column-gap-default\">\n\t\t\t\t\t<div class=\"elementor-column elementor-col-100 elementor-top-column elementor-element elementor-element-65d9b02\" data-id=\"65d9b02\" data-element_type=\"column\">\n\t\t\t<div class=\"elementor-widget-wrap\">\n\t\t\t\t\t\t\t\t\t<\/div>\n\t\t<\/div>\n\t\t\t\t\t\t\t<\/div>\n\t\t<\/section>\n\t\t\t\t<section class=\"elementor-section elementor-top-section elementor-element elementor-element-575647f elementor-section-boxed elementor-section-height-default elementor-section-height-default\" data-id=\"575647f\" data-element_type=\"section\">\n\t\t\t\t\t\t<div class=\"elementor-container elementor-column-gap-default\">\n\t\t\t\t\t<div class=\"elementor-column elementor-col-100 elementor-top-column elementor-element elementor-element-954fcff\" data-id=\"954fcff\" data-element_type=\"column\">\n\t\t\t<div class=\"elementor-widget-wrap elementor-element-populated\">\n\t\t\t\t\t\t\t\t<div class=\"elementor-element elementor-element-4802551 elementor-invisible elementor-widget elementor-widget-accordion\" data-id=\"4802551\" data-element_type=\"widget\" data-settings=\"{&quot;_animation&quot;:&quot;fadeInUp&quot;}\" data-widget_type=\"accordion.default\">\n\t\t\t\t<div class=\"elementor-widget-container\">\n\t\t\t\t\t<div class=\"elementor-accordion\" role=\"tablist\">\n\t\t\t\t\t\t\t<div class=\"elementor-accordion-item\">\n\t\t\t\t\t<div id=\"elementor-tab-title-7551\" class=\"elementor-tab-title\" data-tab=\"1\" role=\"tab\" aria-controls=\"elementor-tab-content-7551\" aria-expanded=\"false\">\n\t\t\t\t\t\t\t\t\t\t\t\t\t<span class=\"elementor-accordion-icon elementor-accordion-icon-left\" aria-hidden=\"true\">\n\t\t\t\t\t\t\t\t\t\t\t\t\t\t\t<span class=\"elementor-accordion-icon-closed\"><i class=\"fas fa-plus\"><\/i><\/span>\n\t\t\t\t\t\t\t\t<span class=\"elementor-accordion-icon-opened\"><i class=\"fas fa-minus\"><\/i><\/span>\n\t\t\t\t\t\t\t\t\t\t\t\t\t\t<\/span>\n\t\t\t\t\t\t\t\t\t\t\t\t<a class=\"elementor-accordion-title\" href=\"\">BELEUCHTUNG<\/a>\n\t\t\t\t\t<\/div>\n\t\t\t\t\t<div id=\"elementor-tab-content-7551\" class=\"elementor-tab-content elementor-clearfix\" data-tab=\"1\" role=\"tabpanel\" aria-labelledby=\"elementor-tab-title-7551\">R\u00fcsten Sie Ihre Lampen mit dimmbaren Zwischensteckern aus, um diese dann einzeln, in Gruppen oder alle zusammen mit einer App zu steuern. Die Kombinationen, wie Sie Ihre Beleuchtung an- oder ausschalten, bleiben ganz Ihnen \u00fcberlassen.<br><br>\n<ul>\n \t<li>Schalten Sie die gesamte Beleuchtung mit nur einem einzigen Schalter ein.<\/li>\n \t<li>Dimmen Sie die Lichter im Kinderzimmer, um den Kindern beim Einschlafen zu helfen.<\/li>\n \t<li>Schalten Sie das Licht automatisiert ein, um nie wieder im Dunkeln heimzukommen.<\/li>\n \t<li>Schalten Sie das Licht ein, wenn Sie im Urlaub sind, um Ihre Anwesenheit zu simulieren.<\/li>\n \t<li>Definieren Sie verschiedene Lichtszenarien f\u00fcr unterschiedliche Anforderungen und Situationen.<\/li>\n<\/ul><\/div>\n\t\t\t\t<\/div>\n\t\t\t\t\t\t\t<div class=\"elementor-accordion-item\">\n\t\t\t\t\t<div id=\"elementor-tab-title-7552\" class=\"elementor-tab-title\" data-tab=\"2\" role=\"tab\" aria-controls=\"elementor-tab-content-7552\" aria-expanded=\"false\">\n\t\t\t\t\t\t\t\t\t\t\t\t\t<span class=\"elementor-accordion-icon elementor-accordion-icon-left\" aria-hidden=\"true\">\n\t\t\t\t\t\t\t\t\t\t\t\t\t\t\t<span class=\"elementor-accordion-icon-closed\"><i class=\"fas fa-plus\"><\/i><\/span>\n\t\t\t\t\t\t\t\t<span class=\"elementor-accordion-icon-opened\"><i class=\"fas fa-minus\"><\/i><\/span>\n\t\t\t\t\t\t\t\t\t\t\t\t\t\t<\/span>\n\t\t\t\t\t\t\t\t\t\t\t\t<a class=\"elementor-accordion-title\" href=\"\">HEIZUNG UND KLIMASTEUERUNG<\/a>\n\t\t\t\t\t<\/div>\n\t\t\t\t\t<div id=\"elementor-tab-content-7552\" class=\"elementor-tab-content elementor-clearfix\" data-tab=\"2\" role=\"tabpanel\" aria-labelledby=\"elementor-tab-title-7552\"><p>Mit einem programmierten Zeitplan stellen Sie eine k\u00fchlere Raumtemperatur ein, wenn Sie nicht daheim sind. Den Rest \u00fcberlassen Sie einfach der Funkzentrale und dem Heizk\u00f6rperthermostat. Wenn Sie nach Hause kommen, ist es gem\u00fctlich warm und Sie haben gleichzeitig bares Geld gespart.<\/p><ul><li>\u00d6ffnen Sie die Fenster automatisch, um frische Luft in die Wohnung zu lassen.<\/li><li>Schlie\u00dfen Sie automatisch alle Fenster bei einem herannahenden Gewitter.<\/li><li>Schalten Sie die Heizung in den Sparmodus, wenn Sie das Haus verlassen.<\/li><li>Drehen Sie die Heizung bequem per App auf, wenn Sie auf dem Heimweg sind, um von einer warmen Wohnung empfangen zu werden.<\/li><\/ul><\/div>\n\t\t\t\t<\/div>\n\t\t\t\t\t\t\t<div class=\"elementor-accordion-item\">\n\t\t\t\t\t<div id=\"elementor-tab-title-7553\" class=\"elementor-tab-title\" data-tab=\"3\" role=\"tab\" aria-controls=\"elementor-tab-content-7553\" aria-expanded=\"false\">\n\t\t\t\t\t\t\t\t\t\t\t\t\t<span class=\"elementor-accordion-icon elementor-accordion-icon-left\" aria-hidden=\"true\">\n\t\t\t\t\t\t\t\t\t\t\t\t\t\t\t<span class=\"elementor-accordion-icon-closed\"><i class=\"fas fa-plus\"><\/i><\/span>\n\t\t\t\t\t\t\t\t<span class=\"elementor-accordion-icon-opened\"><i class=\"fas fa-minus\"><\/i><\/span>\n\t\t\t\t\t\t\t\t\t\t\t\t\t\t<\/span>\n\t\t\t\t\t\t\t\t\t\t\t\t<a class=\"elementor-accordion-title\" href=\"\">SICHERHEIT<\/a>\n\t\t\t\t\t<\/div>\n\t\t\t\t\t<div id=\"elementor-tab-content-7553\" class=\"elementor-tab-content elementor-clearfix\" data-tab=\"3\" role=\"tabpanel\" aria-labelledby=\"elementor-tab-title-7553\"><p>Lassen Sie Ihre smarten Ger\u00e4te miteinander arbeiten. Kombinieren Sie zum Beispiel den Bewegungsmelder mit den Fensterkontakten. So geht die Au\u00dfenbeleuchtung nur dann an, wenn der Bewegungsmelder eine Bewegung UND der Fensterkontakt ein ge\u00f6ffnetes Fenster registriert.<\/p><ul><li>Sichern Sie T\u00fcren, Fenster und Au\u00dfenanlagen durch kabellose Sensoren.<\/li><li>Automatisches Schlie\u00dfen bzw. \u00d6ffnen elektrischer T\u00fcrschl\u00f6sser.<\/li><li>Sch\u00fctzen Sie Hab und Gut mit einem Wasserdetektor vor auslaufendem Wasser.<\/li><li>Im Brandfall erhalten Sie eine Benachrichtigung.<\/li><li>\u00dcberwachen Sie die Temperatur in Ihrem Keller, um sicherzustellen, dass die Wasserleitungen nicht einfrieren.<\/li><li>Sch\u00e4rfen und entsch\u00e4rfen Sie Ihre Alarmanlage \u00fcber Wandschalter, Fernbedienung oder ganz einfach mir Ihrem Smartphone.<\/li><li>Verwenden Sie Bewegungsmelder, um einen Alarm auszul\u00f6sen, wenn unerw\u00fcnschte Besucher in Ihren R\u00e4umen sind.<\/li><\/ul><\/div>\n\t\t\t\t<\/div>\n\t\t\t\t\t\t\t<div class=\"elementor-accordion-item\">\n\t\t\t\t\t<div id=\"elementor-tab-title-7554\" class=\"elementor-tab-title\" data-tab=\"4\" role=\"tab\" aria-controls=\"elementor-tab-content-7554\" aria-expanded=\"false\">\n\t\t\t\t\t\t\t\t\t\t\t\t\t<span class=\"elementor-accordion-icon elementor-accordion-icon-left\" aria-hidden=\"true\">\n\t\t\t\t\t\t\t\t\t\t\t\t\t\t\t<span class=\"elementor-accordion-icon-closed\"><i class=\"fas fa-plus\"><\/i><\/span>\n\t\t\t\t\t\t\t\t<span class=\"elementor-accordion-icon-opened\"><i class=\"fas fa-minus\"><\/i><\/span>\n\t\t\t\t\t\t\t\t\t\t\t\t\t\t<\/span>\n\t\t\t\t\t\t\t\t\t\t\t\t<a class=\"elementor-accordion-title\" href=\"\">ENERGIE SPAREN<\/a>\n\t\t\t\t\t<\/div>\n\t\t\t\t\t<div id=\"elementor-tab-content-7554\" class=\"elementor-tab-content elementor-clearfix\" data-tab=\"4\" role=\"tabpanel\" aria-labelledby=\"elementor-tab-title-7554\"><p>Das Smart Home bietet viele Vorteile. Es ist allein schon beeindruckend, wenn man die Ger\u00e4te via Smartphone steuern kann. Aber in puncto Effizienz und Energiesparen ist die Hausautomation unschlagbar.<\/p>\n<ul>\n<li>\u00dcberwachen Sie Ihren Energieverbrauch, um Stromfresser zu ersetzen.<\/li>\n<li>Schalten Sie nicht genutzte Ger\u00e4te in den Stand-by-Modus.<\/li>\n<li>\u00dcberwachen Sie Ihren Energie- \/ Wasser- \/ Gasverbrauch auch jederzeit von unterwegs.<\/li>\n<\/ul><\/div>\n\t\t\t\t<\/div>\n\t\t\t\t\t\t\t<div class=\"elementor-accordion-item\">\n\t\t\t\t\t<div id=\"elementor-tab-title-7555\" class=\"elementor-tab-title\" data-tab=\"5\" role=\"tab\" aria-controls=\"elementor-tab-content-7555\" aria-expanded=\"false\">\n\t\t\t\t\t\t\t\t\t\t\t\t\t<span class=\"elementor-accordion-icon elementor-accordion-icon-left\" aria-hidden=\"true\">\n\t\t\t\t\t\t\t\t\t\t\t\t\t\t\t<span class=\"elementor-accordion-icon-closed\"><i class=\"fas fa-plus\"><\/i><\/span>\n\t\t\t\t\t\t\t\t<span class=\"elementor-accordion-icon-opened\"><i class=\"fas fa-minus\"><\/i><\/span>\n\t\t\t\t\t\t\t\t\t\t\t\t\t\t<\/span>\n\t\t\t\t\t\t\t\t\t\t\t\t<a class=\"elementor-accordion-title\" href=\"\">AMBIENT ASSISTED LIVING (ALTERSGERECHTES WOHNEN)<\/a>\n\t\t\t\t\t<\/div>\n\t\t\t\t\t<div id=\"elementor-tab-content-7555\" class=\"elementor-tab-content elementor-clearfix\" data-tab=\"5\" role=\"tabpanel\" aria-labelledby=\"elementor-tab-title-7555\"><p>Die Bezeichnung Ambient Assisted Living (AAL) steht u.a. f\u00fcr Ger\u00e4te, die Senioren und Menschen mit Handicap dabei unterst\u00fctzen, m\u00f6glichst selbstbestimmt in ihren eigenen vier W\u00e4nden zu leben. So kann im Idealfall ein Umzug in eine Pflegeeinrichtung vermieden werden.<\/p><ul><li>Sensorgesteuerte automatische Beleuchtung beugt Unf\u00e4llen durch Dunkelheit vor.<\/li><li>Druckempfindliche Sensoren und Bewegungsmelder registrieren St\u00fcrze und l\u00f6sen definierte Alarmfunktionen aus.<\/li><li>Automatische Zustandschronik und Trendberechnung.<\/li><\/ul><\/div>\n\t\t\t\t<\/div>\n\t\t\t\t\t<\/div>\n\t\t\t\t<\/div>\n\t\t\t\t<\/div>\n\t\t\t\t\t<\/div>\n\t\t<\/div>\n\t\t\t\t\t\t\t<\/div>\n\t\t<\/section>\n\t\t\t\t<section class=\"elementor-section elementor-top-section elementor-element elementor-element-beae76e elementor-section-boxed elementor-section-height-default elementor-section-height-default\" data-id=\"beae76e\" data-element_type=\"section\">\n\t\t\t\t\t\t<div class=\"elementor-container elementor-column-gap-default\">\n\t\t\t\t\t<div class=\"elementor-column elementor-col-100 elementor-top-column elementor-element elementor-element-9f0a987\" data-id=\"9f0a987\" data-element_type=\"column\">\n\t\t\t<div class=\"elementor-widget-wrap elementor-element-populated\">\n\t\t\t\t\t\t\t\t<div class=\"elementor-element elementor-element-6cbcf34 elementor-widget elementor-widget-spacer\" data-id=\"6cbcf34\" data-element_type=\"widget\" data-widget_type=\"spacer.default\">\n\t\t\t\t<div class=\"elementor-widget-container\">\n\t\t\t\t\t<div class=\"elementor-spacer\">\n\t\t\t<div class=\"elementor-spacer-inner\"><\/div>\n\t\t<\/div>\n\t\t\t\t<\/div>\n\t\t\t\t<\/div>\n\t\t\t\t\t<\/div>\n\t\t<\/div>\n\t\t\t\t\t\t\t<\/div>\n\t\t<\/section>\n\t\t\t\t<section class=\"elementor-section elementor-top-section elementor-element elementor-element-136e7b5 elementor-section-height-min-height elementor-section-boxed elementor-section-height-default elementor-section-items-middle\" data-id=\"136e7b5\" data-element_type=\"section\" data-settings=\"{&quot;background_background&quot;:&quot;gradient&quot;}\">\n\t\t\t\t\t\t<div class=\"elementor-container elementor-column-gap-default\">\n\t\t\t\t\t<div class=\"elementor-column elementor-col-100 elementor-top-column elementor-element elementor-element-c4d862f\" data-id=\"c4d862f\" data-element_type=\"column\">\n\t\t\t<div class=\"elementor-widget-wrap elementor-element-populated\">\n\t\t\t\t\t\t\t\t<div class=\"elementor-element elementor-element-b39918c elementor-invisible elementor-widget elementor-widget-text-editor\" data-id=\"b39918c\" data-element_type=\"widget\" data-settings=\"{&quot;_animation&quot;:&quot;slideInDown&quot;,&quot;_animation_delay&quot;:250}\" data-widget_type=\"text-editor.default\">\n\t\t\t\t<div class=\"elementor-widget-container\">\n\t\t\t\t\t<div class=\"elementor-text-editor elementor-clearfix\"><h2 style=\"text-align: center;\"><span style=\"color: #ffffff;\">SIE HABEN FRAGEN ZU DEN ANWENDUNGEN?<\/span><\/h2><\/div>\n\t\t\t\t<\/div>\n\t\t\t\t<\/div>\n\t\t\t\t<div class=\"elementor-element elementor-element-502a604 elementor-align-center elementor-invisible elementor-widget elementor-widget-button\" data-id=\"502a604\" data-element_type=\"widget\" data-settings=\"{&quot;_animation&quot;:&quot;slideInUp&quot;,&quot;_animation_delay&quot;:500}\" data-widget_type=\"button.default\">\n\t\t\t\t<div class=\"elementor-widget-container\">\n\t\t\t\t\t<div class=\"elementor-button-wrapper\">\n\t\t\t<a href=\"\/de\/kontakt\/\" class=\"elementor-button-link elementor-button elementor-size-lg\" role=\"button\">\n\t\t\t\t\t\t<span class=\"elementor-button-content-wrapper\">\n\t\t\t\t\t\t<span class=\"elementor-button-text\">KONTAKT<\/span>\n\t\t<\/span>\n\t\t\t\t\t<\/a>\n\t\t<\/div>\n\t\t\t\t<\/div>\n\t\t\t\t<\/div>\n\t\t\t\t\t<\/div>\n\t\t<\/div>\n\t\t\t\t\t\t\t<\/div>\n\t\t<\/section>\n\t\t\t\t<section class=\"elementor-section elementor-top-section elementor-element elementor-element-968da44 elementor-section-boxed elementor-section-height-default elementor-section-height-default\" data-id=\"968da44\" data-element_type=\"section\">\n\t\t\t\t\t\t<div class=\"elementor-container elementor-column-gap-default\">\n\t\t\t\t\t<div class=\"elementor-column elementor-col-100 elementor-top-column elementor-element elementor-element-e0ad357\" data-id=\"e0ad357\" data-element_type=\"column\">\n\t\t\t<div class=\"elementor-widget-wrap elementor-element-populated\">\n\t\t\t\t\t\t\t\t<div class=\"elementor-element elementor-element-e2d26e2 elementor-widget elementor-widget-html\" data-id=\"e2d26e2\" data-element_type=\"widget\" data-widget_type=\"html.default\">\n\t\t\t\t<div class=\"elementor-widget-container\">\n\t\t\t<script>\n\tjQuery(document).ready(function() {\n\t\tjQuery('#footer .container .widget_elementor-library.span12').css({ display:'none' });\n\t});\n<\/script>\t\t<\/div>\n\t\t\t\t<\/div>\n\t\t\t\t\t<\/div>\n\t\t<\/div>\n\t\t\t\t\t\t\t<\/div>\n\t\t<\/section>\n\t\t\t\t\t\t<\/div>\n\t\t\t\t\t<\/div>\n\t\t","protected":false},"excerpt":{"rendered":"<\/p>\n<p>Wir machen das Leben besser<\/p>\n<p>\t\tEin intelligentes Zuhause kann ziemlich viele Sachen, die vor allem praktisch sind und viel Geld sparen. Durch die Zusammenarbeit von verschiedenen Smart Home Anwendungen wird ein einheitliches System geschaffen, um Ihre Bed\u00fcrfnisse zu erf\u00fcllen. Dank der hersteller- und anwendungsoffenen Z-Wave Technologie ist es m\u00f6glich, die verschiedenen Bereiche und Ger\u00e4te einfach miteinander zu vernetzen. Die Einstellungsm\u00f6glichkeiten sind dabei so gro\u00df wie die Auswahl an Sensoren und Smart Home Ger\u00e4ten. Welche Voraussetzungen vorliegen m\u00fcssen und welche Aktion ausgel\u00f6st werden soll, definieren Sie allein in konkret festgelegten Situationen.<\/p>\n<p>\t\t\t\t\t\tZU DEN<\/p>\n","protected":false},"author":1,"featured_media":0,"parent":0,"menu_order":0,"comment_status":"closed","ping_status":"closed","template":"page-fullwidth.php","meta":{"_cbd_carousel_blocks":"[]","footnotes":""},"class_list":["post-557","page","type-page","status-publish","hentry"],"_links":{"self":[{"href":"https:\/\/zwave.eu\/de\/wp-json\/wp\/v2\/pages\/557","targetHints":{"allow":["GET"]}}],"collection":[{"href":"https:\/\/zwave.eu\/de\/wp-json\/wp\/v2\/pages"}],"about":[{"href":"https:\/\/zwave.eu\/de\/wp-json\/wp\/v2\/types\/page"}],"author":[{"embeddable":true,"href":"https:\/\/zwave.eu\/de\/wp-json\/wp\/v2\/users\/1"}],"replies":[{"embeddable":true,"href":"https:\/\/zwave.eu\/de\/wp-json\/wp\/v2\/comments?post=557"}],"version-history":[{"count":88,"href":"https:\/\/zwave.eu\/de\/wp-json\/wp\/v2\/pages\/557\/revisions"}],"predecessor-version":[{"id":8513,"href":"https:\/\/zwave.eu\/de\/wp-json\/wp\/v2\/pages\/557\/revisions\/8513"}],"wp:attachment":[{"href":"https:\/\/zwave.eu\/de\/wp-json\/wp\/v2\/media?parent=557"}],"curies":[{"name":"wp","href":"https:\/\/api.w.org\/{rel}","templated":true}]}}