{"id":4624,"date":"2021-09-07T12:50:36","date_gmt":"2021-09-07T10:50:36","guid":{"rendered":"https:\/\/zwave.eu\/?page_id=4624"},"modified":"2022-06-17T09:14:38","modified_gmt":"2022-06-17T07:14:38","slug":"kueche","status":"publish","type":"page","link":"https:\/\/zwave.eu\/de\/anwendungsbeispiele\/kueche\/","title":{"rendered":"K\u00fcche"},"content":{"rendered":"\t\t<div data-elementor-type=\"wp-post\" data-elementor-id=\"4624\" class=\"elementor elementor-4624\" data-elementor-settings=\"[]\">\n\t\t\t\t\t\t\t<div class=\"elementor-section-wrap\">\n\t\t\t\t\t\t\t<section class=\"elementor-section elementor-top-section elementor-element elementor-element-beb23f5 elementor-section-boxed elementor-section-height-default elementor-section-height-default\" data-id=\"beb23f5\" data-element_type=\"section\">\n\t\t\t\t\t\t<div class=\"elementor-container elementor-column-gap-default\">\n\t\t\t\t\t<div class=\"elementor-column elementor-col-100 elementor-top-column elementor-element elementor-element-3317e51\" data-id=\"3317e51\" data-element_type=\"column\">\n\t\t\t<div class=\"elementor-widget-wrap elementor-element-populated\">\n\t\t\t\t\t\t\t\t<div class=\"elementor-element elementor-element-b1f9e07 elementor-invisible elementor-widget elementor-widget-image\" data-id=\"b1f9e07\" data-element_type=\"widget\" data-settings=\"{&quot;_animation&quot;:&quot;fadeInDown&quot;}\" data-widget_type=\"image.default\">\n\t\t\t\t<div class=\"elementor-widget-container\">\n\t\t\t\t\t<div class=\"elementor-image\">\n\t\t\t\t\t\t\t\t\t\t<img loading=\"lazy\" decoding=\"async\" width=\"1024\" height=\"261\" src=\"https:\/\/zwave.eu\/wp-content\/uploads\/2021\/09\/HG_Kueche-1024x261.jpg\" class=\"attachment-large size-large\" alt=\"\" srcset=\"https:\/\/zwave.eu\/wp-content\/uploads\/2021\/09\/HG_Kueche-1024x261.jpg 1024w, https:\/\/zwave.eu\/wp-content\/uploads\/2021\/09\/HG_Kueche-300x77.jpg 300w, https:\/\/zwave.eu\/wp-content\/uploads\/2021\/09\/HG_Kueche-768x196.jpg 768w, https:\/\/zwave.eu\/wp-content\/uploads\/2021\/09\/HG_Kueche-1536x392.jpg 1536w, https:\/\/zwave.eu\/wp-content\/uploads\/2021\/09\/HG_Kueche.jpg 1600w\" sizes=\"auto, (max-width: 1024px) 100vw, 1024px\" \/>\t\t\t\t\t\t\t\t\t\t\t<\/div>\n\t\t\t\t<\/div>\n\t\t\t\t<\/div>\n\t\t\t\t\t<\/div>\n\t\t<\/div>\n\t\t\t\t\t\t\t<\/div>\n\t\t<\/section>\n\t\t\t\t<section class=\"elementor-section elementor-top-section elementor-element elementor-element-41b404e elementor-section-boxed elementor-section-height-default elementor-section-height-default\" data-id=\"41b404e\" data-element_type=\"section\">\n\t\t\t\t\t\t<div class=\"elementor-container elementor-column-gap-default\">\n\t\t\t\t\t<div class=\"elementor-column elementor-col-100 elementor-top-column elementor-element elementor-element-889c3f2\" data-id=\"889c3f2\" data-element_type=\"column\">\n\t\t\t<div class=\"elementor-widget-wrap elementor-element-populated\">\n\t\t\t\t\t\t\t\t<div class=\"elementor-element elementor-element-23a527d elementor-widget elementor-widget-spacer\" data-id=\"23a527d\" data-element_type=\"widget\" data-widget_type=\"spacer.default\">\n\t\t\t\t<div class=\"elementor-widget-container\">\n\t\t\t\t\t<div class=\"elementor-spacer\">\n\t\t\t<div class=\"elementor-spacer-inner\"><\/div>\n\t\t<\/div>\n\t\t\t\t<\/div>\n\t\t\t\t<\/div>\n\t\t\t\t\t<\/div>\n\t\t<\/div>\n\t\t\t\t\t\t\t<\/div>\n\t\t<\/section>\n\t\t\t\t<section class=\"elementor-section elementor-top-section elementor-element elementor-element-39eec6e elementor-section-boxed elementor-section-height-default elementor-section-height-default\" data-id=\"39eec6e\" data-element_type=\"section\">\n\t\t\t\t\t\t<div class=\"elementor-container elementor-column-gap-default\">\n\t\t\t\t\t<div class=\"elementor-column elementor-col-100 elementor-top-column elementor-element elementor-element-bc3a316\" data-id=\"bc3a316\" data-element_type=\"column\">\n\t\t\t<div class=\"elementor-widget-wrap elementor-element-populated\">\n\t\t\t\t\t\t\t\t<div class=\"elementor-element elementor-element-7456708 elementor-widget elementor-widget-heading\" data-id=\"7456708\" data-element_type=\"widget\" data-widget_type=\"heading.default\">\n\t\t\t\t<div class=\"elementor-widget-container\">\n\t\t\t<h2 class=\"elementor-heading-title elementor-size-default\">Bereit zum Kochen<\/h2>\t\t<\/div>\n\t\t\t\t<\/div>\n\t\t\t\t<div class=\"elementor-element elementor-element-fa24e8f elementor-invisible elementor-widget elementor-widget-text-editor\" data-id=\"fa24e8f\" data-element_type=\"widget\" data-settings=\"{&quot;_animation&quot;:&quot;fadeInUp&quot;}\" data-widget_type=\"text-editor.default\">\n\t\t\t\t<div class=\"elementor-widget-container\">\n\t\t\t\t\t<div class=\"elementor-text-editor elementor-clearfix\"><p>Wie w\u00e4re es, wenn Ihre K\u00fcche schon nach dem Betreten optimal ausgeleuchtet w\u00e4re und das Radio Ihre Lieblingsmusik spielt? Dank vordefinierten Szenarien lassen sich mit dem Aeotec Smart Home Hub Abfolgen von Aktionen erstellen. In diesem Fall:\u00a0<\/p><p>WENN Bewegungsmelder Bewegung erkennt, DANN schalte Licht auf 100% und Wall Plug an.<\/p><\/div>\n\t\t\t\t<\/div>\n\t\t\t\t<\/div>\n\t\t\t\t\t<\/div>\n\t\t<\/div>\n\t\t\t\t\t\t\t<\/div>\n\t\t<\/section>\n\t\t\t\t<section class=\"elementor-section elementor-top-section elementor-element elementor-element-1eccf34 elementor-section-boxed elementor-section-height-default elementor-section-height-default\" data-id=\"1eccf34\" data-element_type=\"section\">\n\t\t\t\t\t\t<div class=\"elementor-container elementor-column-gap-default\">\n\t\t\t\t\t<div class=\"elementor-column elementor-col-50 elementor-top-column elementor-element elementor-element-da00b03\" data-id=\"da00b03\" data-element_type=\"column\">\n\t\t\t<div class=\"elementor-widget-wrap elementor-element-populated\">\n\t\t\t\t\t\t\t\t<div class=\"elementor-element elementor-element-44051ae elementor-invisible elementor-widget elementor-widget-image\" data-id=\"44051ae\" data-element_type=\"widget\" data-settings=\"{&quot;_animation&quot;:&quot;slideInLeft&quot;}\" data-widget_type=\"image.default\">\n\t\t\t\t<div class=\"elementor-widget-container\">\n\t\t\t\t\t<div class=\"elementor-image\">\n\t\t\t\t\t\t\t\t\t\t<img loading=\"lazy\" decoding=\"async\" width=\"1024\" height=\"578\" src=\"https:\/\/zwave.eu\/wp-content\/uploads\/2022\/05\/Kueche-bereit-zum-kochen-1024x578.jpg\" class=\"attachment-large size-large\" alt=\"\" srcset=\"https:\/\/zwave.eu\/wp-content\/uploads\/2022\/05\/Kueche-bereit-zum-kochen-1024x578.jpg 1024w, https:\/\/zwave.eu\/wp-content\/uploads\/2022\/05\/Kueche-bereit-zum-kochen-300x169.jpg 300w, https:\/\/zwave.eu\/wp-content\/uploads\/2022\/05\/Kueche-bereit-zum-kochen-768x434.jpg 768w, https:\/\/zwave.eu\/wp-content\/uploads\/2022\/05\/Kueche-bereit-zum-kochen.jpg 1417w\" sizes=\"auto, (max-width: 1024px) 100vw, 1024px\" \/>\t\t\t\t\t\t\t\t\t\t\t<\/div>\n\t\t\t\t<\/div>\n\t\t\t\t<\/div>\n\t\t\t\t<div class=\"elementor-element elementor-element-f176dd2 elementor-widget elementor-widget-spacer\" data-id=\"f176dd2\" data-element_type=\"widget\" data-widget_type=\"spacer.default\">\n\t\t\t\t<div class=\"elementor-widget-container\">\n\t\t\t\t\t<div class=\"elementor-spacer\">\n\t\t\t<div class=\"elementor-spacer-inner\"><\/div>\n\t\t<\/div>\n\t\t\t\t<\/div>\n\t\t\t\t<\/div>\n\t\t\t\t\t<\/div>\n\t\t<\/div>\n\t\t\t\t<div class=\"elementor-column elementor-col-50 elementor-top-column elementor-element elementor-element-23c1551\" data-id=\"23c1551\" data-element_type=\"column\">\n\t\t\t<div class=\"elementor-widget-wrap elementor-element-populated\">\n\t\t\t\t\t\t\t\t<div class=\"elementor-element elementor-element-16147ae elementor-invisible elementor-widget elementor-widget-text-editor\" data-id=\"16147ae\" data-element_type=\"widget\" data-settings=\"{&quot;_animation&quot;:&quot;slideInRight&quot;}\" data-widget_type=\"text-editor.default\">\n\t\t\t\t<div class=\"elementor-widget-container\">\n\t\t\t\t\t<div class=\"elementor-text-editor elementor-clearfix\"><strong>F\u00fcr dieses Szenario wird verwendet:\u00a0<\/strong>\n<ul>\n \t<li><a href=\"https:\/\/shop.zwave.eu\/de\/artikel\/controller\/smart-home-gateways\/2479\/aeotec-smart-home-hub-works-as-a-smartthings-hub\" target=\"_blank\" rel=\"noopener\">Aeotec Smart Home Hub<\/a><\/li>\n \t<li><a href=\"https:\/\/shop.zwave.eu\/de\/artikel\/sensoren\/mehrfach-multisensoren\/2481\/aeotec-motion-sensor-zigbee\" target=\"_blank\" rel=\"noopener\">Aeotec Motion Sensor<\/a><\/li>\n \t<li>Zigbee Leuchtmittel wie bspw. Philips Hue<\/li>\n \t<li><a href=\"https:\/\/shop.zwave.eu\/de\/artikel\/zwischenstecker\/855\/fibaro-wall-plug-typ-f?number=FIBEFGWPF-102-5\" target=\"_blank\" rel=\"noopener\">FIBARO Wall Plug<\/a><\/li>\n \t<li>Radio mit Stecker<\/li>\n<\/ul><\/div>\n\t\t\t\t<\/div>\n\t\t\t\t<\/div>\n\t\t\t\t\t<\/div>\n\t\t<\/div>\n\t\t\t\t\t\t\t<\/div>\n\t\t<\/section>\n\t\t\t\t<section class=\"elementor-section elementor-top-section elementor-element elementor-element-f98b74d elementor-section-boxed elementor-section-height-default elementor-section-height-default\" data-id=\"f98b74d\" data-element_type=\"section\">\n\t\t\t\t\t\t<div class=\"elementor-container elementor-column-gap-default\">\n\t\t\t\t\t<div class=\"elementor-column elementor-col-100 elementor-top-column elementor-element elementor-element-5254e70\" data-id=\"5254e70\" data-element_type=\"column\">\n\t\t\t<div class=\"elementor-widget-wrap elementor-element-populated\">\n\t\t\t\t\t\t\t\t<div class=\"elementor-element elementor-element-afe84c2 elementor-widget elementor-widget-heading\" data-id=\"afe84c2\" data-element_type=\"widget\" data-widget_type=\"heading.default\">\n\t\t\t\t<div class=\"elementor-widget-container\">\n\t\t\t<h2 class=\"elementor-heading-title elementor-size-default\">Rezepte f\u00fcr den Ofen<\/h2>\t\t<\/div>\n\t\t\t\t<\/div>\n\t\t\t\t<div class=\"elementor-element elementor-element-958ef5b elementor-invisible elementor-widget elementor-widget-text-editor\" data-id=\"958ef5b\" data-element_type=\"widget\" data-settings=\"{&quot;_animation&quot;:&quot;fadeInUp&quot;}\" data-widget_type=\"text-editor.default\">\n\t\t\t\t<div class=\"elementor-widget-container\">\n\t\t\t\t\t<div class=\"elementor-text-editor elementor-clearfix\"><p>Kochen ist nicht jedermanns Sache. Doch mit den Haushaltsger\u00e4ten von Samsung und der SmartThings App gelingen selbst Kochmuffeln die tollsten Rezepte. Suchen Sie sich in der SmartThings App im Bereich \u201eBackofen\u201c einfach Ihr Lieblingsrezept raus und senden Sie dies mit nur einem Klick direkt an den Backofen. Dank der intelligenten Vernetzung der Samsung Haushaltsger\u00e4te k\u00f6nnen Sie zum Beispiel per App den Backofen vorheizen oder die Temperatur des K\u00fchlschranks kontrollieren. Zudem bekommen Sie Fehlermeldungen der Ger\u00e4te auf Ihrem Smartphone oder Tablet angezeigt.<\/p><\/div>\n\t\t\t\t<\/div>\n\t\t\t\t<\/div>\n\t\t\t\t\t<\/div>\n\t\t<\/div>\n\t\t\t\t\t\t\t<\/div>\n\t\t<\/section>\n\t\t\t\t<section class=\"elementor-section elementor-top-section elementor-element elementor-element-b55e4e4 elementor-section-boxed elementor-section-height-default elementor-section-height-default\" data-id=\"b55e4e4\" data-element_type=\"section\">\n\t\t\t\t\t\t<div class=\"elementor-container elementor-column-gap-default\">\n\t\t\t\t\t<div class=\"elementor-column elementor-col-50 elementor-top-column elementor-element elementor-element-0eda91e\" data-id=\"0eda91e\" data-element_type=\"column\">\n\t\t\t<div class=\"elementor-widget-wrap elementor-element-populated\">\n\t\t\t\t\t\t\t\t<div class=\"elementor-element elementor-element-ec6920a elementor-invisible elementor-widget elementor-widget-image\" data-id=\"ec6920a\" data-element_type=\"widget\" data-settings=\"{&quot;_animation&quot;:&quot;slideInLeft&quot;}\" data-widget_type=\"image.default\">\n\t\t\t\t<div class=\"elementor-widget-container\">\n\t\t\t\t\t<div class=\"elementor-image\">\n\t\t\t\t\t\t\t\t\t\t<img loading=\"lazy\" decoding=\"async\" width=\"1024\" height=\"578\" src=\"https:\/\/zwave.eu\/wp-content\/uploads\/2022\/05\/Kueche-Infinite-Backofen-1024x578.jpg\" class=\"attachment-large size-large\" alt=\"\" srcset=\"https:\/\/zwave.eu\/wp-content\/uploads\/2022\/05\/Kueche-Infinite-Backofen-1024x578.jpg 1024w, https:\/\/zwave.eu\/wp-content\/uploads\/2022\/05\/Kueche-Infinite-Backofen-300x169.jpg 300w, https:\/\/zwave.eu\/wp-content\/uploads\/2022\/05\/Kueche-Infinite-Backofen-768x434.jpg 768w, https:\/\/zwave.eu\/wp-content\/uploads\/2022\/05\/Kueche-Infinite-Backofen.jpg 1417w\" sizes=\"auto, (max-width: 1024px) 100vw, 1024px\" \/>\t\t\t\t\t\t\t\t\t\t\t<\/div>\n\t\t\t\t<\/div>\n\t\t\t\t<\/div>\n\t\t\t\t\t<\/div>\n\t\t<\/div>\n\t\t\t\t<div class=\"elementor-column elementor-col-50 elementor-top-column elementor-element elementor-element-376321a\" data-id=\"376321a\" data-element_type=\"column\">\n\t\t\t<div class=\"elementor-widget-wrap elementor-element-populated\">\n\t\t\t\t\t\t\t\t<div class=\"elementor-element elementor-element-b46228d elementor-invisible elementor-widget elementor-widget-text-editor\" data-id=\"b46228d\" data-element_type=\"widget\" data-settings=\"{&quot;_animation&quot;:&quot;slideInRight&quot;}\" data-widget_type=\"text-editor.default\">\n\t\t\t\t<div class=\"elementor-widget-container\">\n\t\t\t\t\t<div class=\"elementor-text-editor elementor-clearfix\"><strong>F\u00fcr dieses Szenario wird verwendet:\u00a0<\/strong>\n<ul>\n \t<li>Samsung Infinite Backofen<\/li>\n \t<li>Smartphone oder Tablet<\/li>\n<\/ul><\/div>\n\t\t\t\t<\/div>\n\t\t\t\t<\/div>\n\t\t\t\t\t<\/div>\n\t\t<\/div>\n\t\t\t\t\t\t\t<\/div>\n\t\t<\/section>\n\t\t\t\t<section class=\"elementor-section elementor-top-section elementor-element elementor-element-b895227 elementor-section-boxed elementor-section-height-default elementor-section-height-default\" data-id=\"b895227\" data-element_type=\"section\">\n\t\t\t\t\t\t<div class=\"elementor-container elementor-column-gap-default\">\n\t\t\t\t\t<div class=\"elementor-column elementor-col-100 elementor-top-column elementor-element elementor-element-5581356\" data-id=\"5581356\" data-element_type=\"column\">\n\t\t\t<div class=\"elementor-widget-wrap elementor-element-populated\">\n\t\t\t\t\t\t\t\t<div class=\"elementor-element elementor-element-5edd816 elementor-widget elementor-widget-spacer\" data-id=\"5edd816\" data-element_type=\"widget\" data-widget_type=\"spacer.default\">\n\t\t\t\t<div class=\"elementor-widget-container\">\n\t\t\t\t\t<div class=\"elementor-spacer\">\n\t\t\t<div class=\"elementor-spacer-inner\"><\/div>\n\t\t<\/div>\n\t\t\t\t<\/div>\n\t\t\t\t<\/div>\n\t\t\t\t<div class=\"elementor-element elementor-element-2d8ad64 elementor-align-left elementor-invisible elementor-widget elementor-widget-button\" data-id=\"2d8ad64\" data-element_type=\"widget\" data-settings=\"{&quot;_animation&quot;:&quot;fadeInLeft&quot;}\" data-widget_type=\"button.default\">\n\t\t\t\t<div class=\"elementor-widget-container\">\n\t\t\t\t\t<div class=\"elementor-button-wrapper\">\n\t\t\t<a href=\"\/wp-content\/uploads\/2021\/09\/Kueche.pdf\" target=\"_blank\" class=\"elementor-button-link elementor-button elementor-size-sm\" role=\"button\">\n\t\t\t\t\t\t<span class=\"elementor-button-content-wrapper\">\n\t\t\t\t\t\t<span class=\"elementor-button-icon elementor-align-icon-left\">\n\t\t\t\t<i aria-hidden=\"true\" class=\"fas fa-download\"><\/i>\t\t\t<\/span>\n\t\t\t\t\t\t<span class=\"elementor-button-text\">DOWNLOAD FLYER<\/span>\n\t\t<\/span>\n\t\t\t\t\t<\/a>\n\t\t<\/div>\n\t\t\t\t<\/div>\n\t\t\t\t<\/div>\n\t\t\t\t<div class=\"elementor-element elementor-element-81cc91e elementor-align-left elementor-invisible elementor-widget elementor-widget-button\" data-id=\"81cc91e\" data-element_type=\"widget\" data-settings=\"{&quot;_animation&quot;:&quot;fadeInLeft&quot;}\" data-widget_type=\"button.default\">\n\t\t\t\t<div class=\"elementor-widget-container\">\n\t\t\t\t\t<div class=\"elementor-button-wrapper\">\n\t\t\t<a href=\"\/de\/anwendungsbeispiele\/\" class=\"elementor-button-link elementor-button elementor-size-sm\" role=\"button\">\n\t\t\t\t\t\t<span class=\"elementor-button-content-wrapper\">\n\t\t\t\t\t\t<span class=\"elementor-button-icon elementor-align-icon-left\">\n\t\t\t\t<i aria-hidden=\"true\" class=\"fas fa-backspace\"><\/i>\t\t\t<\/span>\n\t\t\t\t\t\t<span class=\"elementor-button-text\">Z\u00dcRUCK ZUR \u00dcBERSICHT<\/span>\n\t\t<\/span>\n\t\t\t\t\t<\/a>\n\t\t<\/div>\n\t\t\t\t<\/div>\n\t\t\t\t<\/div>\n\t\t\t\t\t<\/div>\n\t\t<\/div>\n\t\t\t\t\t\t\t<\/div>\n\t\t<\/section>\n\t\t\t\t<section class=\"elementor-section elementor-top-section elementor-element elementor-element-9449eb8 elementor-section-boxed elementor-section-height-default elementor-section-height-default\" data-id=\"9449eb8\" data-element_type=\"section\">\n\t\t\t\t\t\t<div class=\"elementor-container elementor-column-gap-default\">\n\t\t\t\t\t<div class=\"elementor-column elementor-col-100 elementor-top-column elementor-element elementor-element-ae24e5a\" data-id=\"ae24e5a\" data-element_type=\"column\">\n\t\t\t<div class=\"elementor-widget-wrap elementor-element-populated\">\n\t\t\t\t\t\t\t\t<div class=\"elementor-element elementor-element-560e518 elementor-widget elementor-widget-spacer\" data-id=\"560e518\" data-element_type=\"widget\" data-widget_type=\"spacer.default\">\n\t\t\t\t<div class=\"elementor-widget-container\">\n\t\t\t\t\t<div class=\"elementor-spacer\">\n\t\t\t<div class=\"elementor-spacer-inner\"><\/div>\n\t\t<\/div>\n\t\t\t\t<\/div>\n\t\t\t\t<\/div>\n\t\t\t\t\t<\/div>\n\t\t<\/div>\n\t\t\t\t\t\t\t<\/div>\n\t\t<\/section>\n\t\t\t\t<section class=\"elementor-section elementor-top-section elementor-element elementor-element-b9f4120 elementor-section-height-min-height elementor-section-boxed elementor-section-height-default elementor-section-items-middle\" data-id=\"b9f4120\" data-element_type=\"section\" data-settings=\"{&quot;background_background&quot;:&quot;gradient&quot;}\">\n\t\t\t\t\t\t<div class=\"elementor-container elementor-column-gap-default\">\n\t\t\t\t\t<div class=\"elementor-column elementor-col-100 elementor-top-column elementor-element elementor-element-26a8978\" data-id=\"26a8978\" data-element_type=\"column\">\n\t\t\t<div class=\"elementor-widget-wrap elementor-element-populated\">\n\t\t\t\t\t\t\t\t<div class=\"elementor-element elementor-element-5ddd4b8 elementor-invisible elementor-widget elementor-widget-text-editor\" data-id=\"5ddd4b8\" data-element_type=\"widget\" data-settings=\"{&quot;_animation&quot;:&quot;slideInDown&quot;,&quot;_animation_delay&quot;:250}\" data-widget_type=\"text-editor.default\">\n\t\t\t\t<div class=\"elementor-widget-container\">\n\t\t\t\t\t<div class=\"elementor-text-editor elementor-clearfix\"><h2 style=\"text-align: center;\"><span style=\"color: #ffffff;\">SIE HABEN FRAGEN ZUR ANWENDUNG <br>IN DER K\u00dcCHE?<\/span><\/h2><\/div>\n\t\t\t\t<\/div>\n\t\t\t\t<\/div>\n\t\t\t\t<div class=\"elementor-element elementor-element-cff5056 elementor-align-center elementor-invisible elementor-widget elementor-widget-button\" data-id=\"cff5056\" data-element_type=\"widget\" data-settings=\"{&quot;_animation&quot;:&quot;slideInUp&quot;,&quot;_animation_delay&quot;:500}\" data-widget_type=\"button.default\">\n\t\t\t\t<div class=\"elementor-widget-container\">\n\t\t\t\t\t<div class=\"elementor-button-wrapper\">\n\t\t\t<a href=\"\/de\/kontakt\/\" class=\"elementor-button-link elementor-button elementor-size-lg\" role=\"button\">\n\t\t\t\t\t\t<span class=\"elementor-button-content-wrapper\">\n\t\t\t\t\t\t<span class=\"elementor-button-text\">KONTAKT<\/span>\n\t\t<\/span>\n\t\t\t\t\t<\/a>\n\t\t<\/div>\n\t\t\t\t<\/div>\n\t\t\t\t<\/div>\n\t\t\t\t\t<\/div>\n\t\t<\/div>\n\t\t\t\t\t\t\t<\/div>\n\t\t<\/section>\n\t\t\t\t<section class=\"elementor-section elementor-top-section elementor-element elementor-element-47f9c4f elementor-section-boxed elementor-section-height-default elementor-section-height-default\" data-id=\"47f9c4f\" data-element_type=\"section\">\n\t\t\t\t\t\t<div class=\"elementor-container elementor-column-gap-default\">\n\t\t\t\t\t<div class=\"elementor-column elementor-col-100 elementor-top-column elementor-element elementor-element-286c7ed\" data-id=\"286c7ed\" data-element_type=\"column\">\n\t\t\t<div class=\"elementor-widget-wrap\">\n\t\t\t\t\t\t\t\t\t<\/div>\n\t\t<\/div>\n\t\t\t\t\t\t\t<\/div>\n\t\t<\/section>\n\t\t\t\t\t\t<\/div>\n\t\t\t\t\t<\/div>\n\t\t","protected":false},"excerpt":{"rendered":"<\/p>\n<p>Bereit zum Kochen<\/p>\n<p>Wie w\u00e4re es, wenn Ihre K\u00fcche schon nach dem Betreten optimal ausgeleuchtet w\u00e4re und das Radio Ihre Lieblingsmusik spielt? Dank vordefinierten Szenarien lassen sich mit dem Aeotec Smart Home Hub Abfolgen von Aktionen erstellen. In diesem Fall:\u00a0<\/p>\n<p>WENN Bewegungsmelder Bewegung erkennt, DANN schalte Licht auf 100% und Wall Plug an.<\/p>\n<p>\n\t\tF\u00fcr dieses Szenario wird verwendet:\u00a0<\/p>\n<p>Aeotec Smart Home Hub<br \/>\nAeotec Motion Sensor<br \/>\nZigbee Leuchtmittel wie bspw. Philips Hue<br \/>\nFIBARO Wall Plug<br \/>\nRadio mit Stecker<\/p>\n<p>Rezepte f\u00fcr den Ofen<\/p>\n<p>Kochen ist nicht jedermanns Sache. Doch mit den Haushaltsger\u00e4ten von Samsung und der SmartThings App gelingen selbst Kochmuffeln die<\/p>\n","protected":false},"author":1,"featured_media":0,"parent":4342,"menu_order":0,"comment_status":"closed","ping_status":"closed","template":"page-fullwidth.php","meta":{"_cbd_carousel_blocks":"[]","footnotes":""},"class_list":["post-4624","page","type-page","status-publish","hentry"],"_links":{"self":[{"href":"https:\/\/zwave.eu\/de\/wp-json\/wp\/v2\/pages\/4624","targetHints":{"allow":["GET"]}}],"collection":[{"href":"https:\/\/zwave.eu\/de\/wp-json\/wp\/v2\/pages"}],"about":[{"href":"https:\/\/zwave.eu\/de\/wp-json\/wp\/v2\/types\/page"}],"author":[{"embeddable":true,"href":"https:\/\/zwave.eu\/de\/wp-json\/wp\/v2\/users\/1"}],"replies":[{"embeddable":true,"href":"https:\/\/zwave.eu\/de\/wp-json\/wp\/v2\/comments?post=4624"}],"version-history":[{"count":67,"href":"https:\/\/zwave.eu\/de\/wp-json\/wp\/v2\/pages\/4624\/revisions"}],"predecessor-version":[{"id":8546,"href":"https:\/\/zwave.eu\/de\/wp-json\/wp\/v2\/pages\/4624\/revisions\/8546"}],"up":[{"embeddable":true,"href":"https:\/\/zwave.eu\/de\/wp-json\/wp\/v2\/pages\/4342"}],"wp:attachment":[{"href":"https:\/\/zwave.eu\/de\/wp-json\/wp\/v2\/media?parent=4624"}],"curies":[{"name":"wp","href":"https:\/\/api.w.org\/{rel}","templated":true}]}}